{"id":778,"date":"2018-11-12T09:17:17","date_gmt":"2018-11-12T08:17:17","guid":{"rendered":"http:\/\/localhost:8888\/Eurovo_Service\/privacy-policy\/"},"modified":"2018-12-03T17:58:20","modified_gmt":"2018-12-03T16:58:20","slug":"privacy-policy","status":"publish","type":"page","link":"https:\/\/www.eurovoservice.com\/en\/privacy-policy\/","title":{"rendered":"Privacy Policy"},"content":{"rendered":"<div class=\"container\"><strong>INFORMATIVA PRIVACY UTENTI DEL SITO WEB<\/strong>Ai sensi dell\u2019art. 13 del Regolamento UE n. 679 del 27 aprile 2016 (di seguito il &#8220;<strong>GDPR<\/strong>&#8220;), Eurovo Srl (di seguito la \u201c<strong>Societ\u00e0<\/strong>\u201d) fornisce le seguenti informazioni in merito al trattamento dei dati personali (di seguito i \u201c<strong>Dati<\/strong>\u201d) degli utenti del sito web <a class=\"tel\" href=\"http:\/\/www.eurovoservice.com\/new_websitenew_websitenew_websitenew_website\">www.eurovoservice.com<\/a> (di seguito il \u201c<strong>Sito<\/strong>\u201d).<\/p>\n<ol>\n<li><strong>TITOLARE DEL TRATTAMENTO<\/strong><\/li>\n<\/ol>\n<p>Il Titolare del trattamento dei Dati degli utenti del Sito \u00e8 la Societ\u00e0 Eurovo Srl, con sede legale a (48022) S. Maria In Fabriago (RA), in Via Mensa,3.<\/p>\n<p>La Societ\u00e0 \u00e8 contattabile ai seguenti recapiti:<\/p>\n<ul>\n<li>via e-mail, all\u2019indirizzo:<a class=\"tel\" href=\"mailto:infogdpr@eurovo.com\"> infogdpr@eurovo.com<\/a>;<\/li>\n<li>via posta, al seguente indirizzo: Via Mensa, 3, (48022) S. Maria in Fabriago (RA).<\/li>\n<\/ul>\n<p>&nbsp;<\/p>\n<ol>\n<li><strong>DATI OGGETTO DEL TRATTAMENTO<\/strong><\/li>\n<\/ol>\n<p>I Dati trattati potranno essere costituiti da dati identificativi, dati relativi all&#8217;ubicazione, a un identificativo online o a uno o piu\u0300 elementi caratteristici dell\u2019identit\u00e0\u0300 fisica, fisiologica, psichica, economica, culturale o sociale idonea a rendere l&#8217;interessato identificato o identificabile, a seconda del tipo di servizi richiesti.<\/p>\n<p>In particolare, i Dati trattati attraverso il Sito sono i seguenti.<\/p>\n<ul>\n<li><strong>Dati di navigazione<\/strong><\/li>\n<\/ul>\n<p>I sistemi informatici e le procedure software preposte al funzionamento del Sito acquisiscono automaticamente, nel normale esercizio, alcune informazioni inerenti alla navigazione web, la cui trasmissione \u00e8 implicita nell\u2019uso dei protocolli di comunicazione internet. Tali informazioni non sono raccolte per essere associate a interessati identificati, ma per loro natura potrebbero, mediante associazioni ed elaborazioni con dati detenuti da terzi, permettere d\u2019identificare gli utenti o i navigatori. Questi Dati vengono utilizzati al solo fine di ricavare informazioni statistiche anonime sull&#8217;uso del Sito e per controllarne il corretto funzionamento, per identificare anomalie e\/o abusi, e sono cancellati immediatamente dopo l&#8217;elaborazione. I Dati potrebbero essere utilizzati per l&#8217;accertamento di responsabilit\u00e0 in caso d\u2019ipotetici reati informatici ai danni del Sito o di terzi.<\/p>\n<p>Specifiche informative sono riportate nelle sezioni del sito web predisposte per particolari servizi, accessibili anche a seguito di registrazione, dove sono richiesti Dati all&#8217;utente del Sito.<\/p>\n<ul>\n<li><strong>Categorie particolari di Dati Personali<\/strong><\/li>\n<\/ul>\n<p>Nell&#8217;utilizzo della sezione del Sito \u201cPosizioni aperte\u201d, potrebbe verificarsi un conferimento di Dati rientranti nel novero delle categorie particolari di Dati di cui all\u2019art. 9 GDPR, cio\u00e8 Dati idonei a rivelare l&#8217;origine razziale o etnica, le opinioni politiche, le convinzioni religiose o filosofiche, o l&#8217;appartenenza sindacale, nonch\u00e9 dati genetici, dati biometrici intesi a identificare in modo univoco una persona fisica, dati relativi alla salute o alla vita sessuale o all&#8217;orientamento sessuale della persona. S\u2019invitano gli utenti a non comunicare tali Dati se non strettamente necessario. Comunque, laddove l\u2019utente decidesse di condividere categorie particolari di Dati, \u00e8 importante che lo stesso manifesti l\u2019esplicito consenso al trattamento di tali informazioni.<\/p>\n<ul>\n<li><strong>Dati raccolti tramite cookie<\/strong><\/li>\n<\/ul>\n<p>La navigazione nel Sito comporta la ricezione di cookie, cio\u00e8 brevi stringhe di testo che i siti web visitati inviano al browser dell\u2019utente (cio\u00e8 il programma che serve per navigare), dove vengono memorizzati per essere poi ritrasmessi ai medesimi siti web durante le successive visite. Nel corso della navigazione su un sito, l&#8217;utente pu\u00f2 ricevere sul suo computer anche cookie di siti o web server diversi da quello che sta visitando (c.d. cookie di &#8220;terze parti&#8221;). Specifiche informative sono riportate nelle sezioni del sito web predisposte per particolari servizi, accessibili anche a seguito di registrazione, ove vengono richiesti dati personali all&#8217;utente del sito. \u00c8 possibile distinguere cookie tecnici, che permettono lo svolgimento di attivit\u00e0 strettamente legate al funzionamento del sito e possono essere utilizzati liberamente, e cookie di profilazione, utilizzati al fine di far visualizzare all\u2019utente messaggi pubblicitari in linea con le preferenze manifestate dal medesimo nel corso della navigazione e per i quali \u00e8 necessario acquisire il consenso dell\u2019utente. Attraverso questo sito il browser dell\u2019utente pu\u00f2 ricevere cookie tecnici e cookie di profilazione di terze parti.<\/p>\n<p>Il sito usa Cookie tecnici di navigazione, per memorizzare le preferenze di navigazione e migliorare la navigazione sul sito, e Cookie analitici (nello specifico Google Analytics forniti da Google Inc. \u2013 in seguito \u201cGoogle\u201d), che raccolgono, in forma anonima e aggregata, informazioni statistiche sulle modalit\u00e0 di navigazione degli utenti, utili a capire in quali aspetti \u00e8 possibile migliorare il sito web. Per avere ulteriori informazioni circa il trattamento di dati effettuato da Google attraverso il servizio Google Analytics, l\u2019utente pu\u00f2 visitare la pagina web\u00a0<a class=\"tel\" href=\"http:\/\/www.google.com\/analytics\/learn\/privacy.html\">http:\/\/www.google.com\/analytics\/learn\/privacy.html<\/a>, e visionare la privacy policy di Google sulla pagina web\u00a0<a class=\"tel\" href=\"http:\/\/www.google.com\/intl\/it\/policies\/privacy\/\">http:\/\/www.google.com\/intl\/it\/policies\/privacy\/<\/a>. L\u2019utilizzo di questi cookie non richiede l\u2019acquisizione del consenso dell&#8217;utente, il quale pu\u00f2 comunque decidere di disabilitarne l&#8217;utilizzo sul proprio browser. Inoltre, i cookie di Google Analytics possono essere specificamente rifiutati utilizzando l\u2019apposito strumento fornito da Google (v.\u00a0<a class=\"tel\" href=\"https:\/\/support.google.com\/analytics\/answer\/181881?hl=it&amp;ref_topic=2919631&amp;vid=1-635775549103353382-1182928194\">https:\/\/support.google.com\/analytics\/answer\/181881?hl=it&amp;ref_topic=2919\u2026<\/a>).<\/p>\n<p>Attraverso alcune pagine del Sito \u00e8 inoltre possibile ricevere nel proprio browser anche cookie di profilazione di terze parti, ad esempio per permettere la visualizzazione di contenuti ospitati su piattaforme esterne ed interagire con essi (es. YouTube) o connessi al servizio AdWords di Google (finalizzato a far visualizzare all\u2019utente, nel corso della navigazione, annunci sulla base dei siti web precedentemente visitati). Per tale motivo all\u2019atto dell&#8217;accesso a tali pagine \u00e8 proposto un banner volto ad informare l\u2019utente e a permettergli di prestare il proprio consenso alla ricezione di tali cookie, chiudendo il banner o cliccando su qualsiasi altro elemento della pagina, esterno al banner medesimo. Eurovo Srl non ha accesso alle informazioni raccolte dai cookie di terzi, che sono utilizzati in piena autonomia dai gestori dei predetti servizi. Per maggiori informazioni sulle modalit\u00e0 di trattamento dei dati raccolti a mezzo di tali cookie gli utenti sono invitati a consultare le note informative sulla privacy fornite dai soggetti che mettono a disposizione i servizi in questione. In particolare, i cookie di terze parti utilizzati nel sito sono i seguenti:<\/p>\n<ul>\n<li>YouTube:\u00a0<a class=\"tel\" href=\"https:\/\/www.youtube.com\/static?template=privacy_guidelines\">https:\/\/www.youtube.com\/static?template=privacy_guidelines<\/a><\/li>\n<li>Facebook<\/li>\n<li>Linkedin<\/li>\n<\/ul>\n<p>L&#8217;utente pu\u00f2 disattivare i cookie apposti dalle terze parti suelencate cliccando sui link indicati. Ove non siano presenti link, si pu\u00f2 fare riferimento al seguente sito\u00a0<a class=\"tel\" href=\"http:\/\/www.youronlinechoices.com\/it\/\">www.youronlinechoices.com\/it\/<\/a>,\u00a0che permette di gestire le preferenze dell&#8217;utente in tema di cookie.<\/p>\n<p>L\u2019utente pu\u00f2 impostare il proprio browser in modo tale da essere avvertito della presenza di cookie e decidere se accettare o meno un cookie specifico o se rifiutare automaticamente tutti i cookie. Di seguito i riferimenti su come gestire l\u2019attivazione e la disattivazione dei cookie per i principali browser:<\/p>\n<ul>\n<li>Google Chrome:\u00a0<a class=\"tel\" href=\"https:\/\/support.google.com\/accounts\/answer\/61416?hl=it\">https:\/\/support.google.com\/accounts\/answer\/61416?hl=it<\/a><\/li>\n<li>Mozilla Firefox:\u00a0<a class=\"tel\" href=\"https:\/\/support.mozilla.org\/it\/kb\/Attivare%20e%20disattivare%20i%20cookie\">https:\/\/support.mozilla.org\/it\/kb\/Attivare%20e%20disattivare%20i%20cook\u2026<\/a><\/li>\n<li>Apple Safari:\u00a0<a class=\"tel\" href=\"https:\/\/support.apple.com\/kb\/PH19214?locale=it_IT\">https:\/\/support.apple.com\/kb\/PH19214?locale=it_IT<\/a><\/li>\n<li>Opera:\u00a0<a class=\"tel\" href=\"http:\/\/help.opera.com\/Windows\/10.00\/it\/cookies.html\">http:\/\/help.opera.com\/Windows\/10.00\/it\/cookies.html<\/a><\/li>\n<li>Microsoft Internet Explorer e Microsoft Edge:\u00a0<a class=\"tel\" href=\"https:\/\/support.microsoft.com\/it-it\/help\/17442\/windows-internet-explorer-delete-manage-cookies\">https:\/\/support.microsoft.com\/it-it\/help\/17442\/windows-internet-explore\u2026<\/a><\/li>\n<\/ul>\n<p>Se si decide di rifiutare i cookie \u00e8 peraltro possibile che non risultino utilizzabili, in tutto o in parte, alcune funzionalit\u00e0 interattive offerte dal Sito.<\/p>\n<ol>\n<li><strong>BASE GIURIDICA, NATURA E FINALITA&#8217; DEL TRATTAMENTO<\/strong><\/li>\n<\/ol>\n<p>I Dati degli utenti del Sito saranno trattati per le seguenti finalit\u00e0:<\/p>\n<ul>\n<li>consentire la navigazione del Sito, compreso quanto attiene alla gestione della sicurezza dello stesso;<\/li>\n<li>consentire l\u2019erogazione dei servizi ivi messi a diposizione dalla Societ\u00e0, tra cui la vendita di prodotti;<\/li>\n<li>adempiere a eventuali obblighi previsti dalle leggi vigenti, da regolamenti o dalla normativa comunitaria, o soddisfare richieste provenienti dalle autorit\u00e0;<\/li>\n<li>per l\u2019elaborazione di statistiche, senza che sia possibile risalire alla identit\u00e0 dell\u2019interessato;<\/li>\n<li>inviare, direttamente o tramite terzi fornitori di servizi di marketing e comunicazione, newsletter e comunicazioni con finalit\u00e0 di marketing diretto, in relazione a prodotti erogati anche dalle altre societ\u00e0 del Gruppo Eurovo;<\/li>\n<li>ai fini di svolgere attivit\u00e0 di profilazione, tramite raccolta e analisi delle informazioni sulle selezioni e le scelte effettuate all\u2019interno del Sito, al fine di inviare offerte personalizzate su altri prodotti e\/o servizi;<\/li>\n<li>per comunicare\/cedere i dati personali a societ\u00e0 terze per l\u2019invio di newsletter e comunicazioni con finalit\u00e0 di marketing.<\/li>\n<\/ul>\n<p>La base giuridica del trattamento di Dati per le finalit\u00e0 di cui al punto 1) \u00e8 l\u2019art. 6.1 f) del GDPR, cio\u00e8 il legittimo interesse della Societ\u00e0 a che il Sito funzioni correttamente.<\/p>\n<p>La base giuridica del trattamento di Dati per le finalit\u00e0 di cui al punto 2) \u00e8 l\u2019art. 6.1.b) GDPR, cio\u00e8 il trattamento \u00e8 necessario all\u2019esecuzione di un contratto di cui l\u2019interessato \u00e8 parte o all\u2019esecuzione di misure precontrattuali adottate su richiesta dello stesso.<\/p>\n<p>La base giuridica del trattamento di Dati per le finalit\u00e0 di cui al punto 3) \u00e8 l\u2019art. 6.1.c) GDPR, cio\u00e8 il trattamento \u00e8 necessario per adempiere un obbligo legale al quale \u00e8 soggetto il titolare del trattamento.<\/p>\n<p>Il conferimento dei Dati per le finalit\u00e0 di cui ai punti 1), 2) e 3) \u00e8 facoltativo, ma l&#8217;eventuale mancato conferimento comporterebbe l&#8217;impossibilit\u00e0 di attivare i servizi richiesti.<\/p>\n<p>Invece, il trattamento di cui al punto 4) non comporta la possibilit\u00e0 d\u2019identificazione dei soggetti interessati e, pertanto, pu\u00f2 essere liberamente effettuato dalla Societ\u00e0. A ogni buon conto, il trattamento di partenza dei Dati, usato per ricavare l\u2019indicatore statistico si fonda sull\u2019art. 6.1.f GDPR, cio\u00e8 il legittimo interesse della Societ\u00e0 a elaborare statistiche inerenti alla propria operativit\u00e0<\/p>\n<p>&nbsp;<\/p>\n<p>Con riferimento alla finalit\u00e0 di cui al punto 5), la base legale del trattamento \u00e8 l\u2019art. 6.1.f) GDPR, cio\u00e8 il legittimo interesse della Societ\u00e0 a verificare l\u2019idoneit\u00e0 del candidato a ricoprire la specifica posizione aperta.<\/p>\n<p>La base giuridica del trattamento di Dati per le finalit\u00e0 di cui ai punti 6), 7) e 8) \u00e8 l\u2019art. 6.1.a) GDPR, cio\u00e8 l\u2019espresso consenso dell\u2019interessato al trattamento dei propri Dati. Tale consenso \u00e8 facoltativo e l\u2019utente \u00e8 libero di revocarlo in qualsiasi momento senza alcuna conseguenza, se non il fatto che non ricever\u00e0 pi\u00f9 comunicazioni di marketing e\/o non sar\u00e0 pi\u00f9 effettuata attivit\u00e0 di profilazione. I consensi precedentemente conferiti sono revocabili seguendo le indicazioni di cui alla sezione \u201cDiritti degli interessati\u201d.<\/p>\n<ol>\n<li><strong>ESISTENZA DI UN PROCESSO DECISIONALE AUTOMATIZZATO<\/strong><\/li>\n<\/ol>\n<p>Qualora l\u2019utente rilasci il consenso al trattamento dei propri dati per le finalit\u00e0 di profilazione di cui al numero 7 del precedente paragrafo C, i dati medesimi diverranno parte di un processo decisionale automatizzato relativo alle analisi sulle scelte di consumo consistenti in elaborazioni automatizzate dei Dati, compresi quelli relativi al dettaglio degli acquisti effettuati. Tale trattamento \u00e8 finalizzato a conoscere in modo analitico o a prevedere le preferenze di acquisto anche al fine di creare profili dei clienti.<\/p>\n<ol>\n<li><strong>DESTINATARI DEI DATI<\/strong><\/li>\n<\/ol>\n<p>I Dati potranno essere condivisi con:<\/p>\n<ul>\n<li>soggetti che agiscono tipicamente in qualit\u00e0 di responsabili del trattamento ai sensi dell\u2019art. 28 GDPR, ossia soggetti che cooperano con la Societ\u00e0 per il perseguimento delle finalit\u00e0 di cui sopra;<\/li>\n<li>soggetti, enti o autorit\u00e0 a cui sia obbligatorio comunicare i Dati in forza di disposizioni di legge o di ordini delle autorit\u00e0;<\/li>\n<li>persone autorizzate dalla Societ\u00e0, ai sensi dell\u2019art. 29 GDPR, al trattamento di Dati necessario a svolgere attivit\u00e0 strettamente correlate all&#8217;erogazione dei servizi, che abbiano un adeguato obbligo legale di riservatezza.<\/li>\n<\/ul>\n<ol>\n<li><strong>TRASFERIMENTO DEI DATI<\/strong><\/li>\n<\/ol>\n<p>Per quanto concerne l\u2019eventuale trasferimento dei Dati verso Paesi non appartenenti alla Spazio Economico Europeo, il trattamento avverr\u00e0 secondo una delle modalit\u00e0 consentite dalla legge vigente. \u00c8 possibile avere maggiori informazioni, su richiesta, presso la Societ\u00e0 ai contatti suindicati.<\/p>\n<ol>\n<li><strong>CONSERVAZIONE DEI DATI<\/strong><\/li>\n<\/ol>\n<p>I Dati saranno conservati per il tempo strettamente necessario a raggiungere le finalit\u00e0 del trattamento, applicando i principi di minimizzazione e proporzionalit\u00e0. In ogni caso:<\/p>\n<ul>\n<li>quanto ai trattamenti svolti per la fornitura di servizi, la Societ\u00e0 conserver\u00e0 i Dati per il periodo di tempo previsto e ammesso dalla normativa italiana a tutela dei propri interessi (art. 2946 c.c. e ss.);<\/li>\n<li>quanto ai Dati trattati per adempiere a obblighi legali, gli stessi saranno conservati fino al tempo previsto dallo specifico obbligo o norma di legge applicabile.<\/li>\n<\/ul>\n<p>Maggiori informazioni in merito al periodo di conservazione dei dati e ai criteri utilizzati per determinare tale periodo possono essere richieste inviando una istanza scritta alla Societ\u00e0 ai recapiti suindicati.<\/p>\n<ol>\n<li><strong>DIRITTI DEGLI INTERESSATI<\/strong><\/li>\n<\/ol>\n<p>Ai sensi degli artt. 15 ss. GDPR, l\u2019interessato ha il diritto di chiedere alla Societ\u00e0 l&#8217;accesso ai propri Dati, la rettifica o la cancellazione degli stessi o di opporsi al loro trattamento, richiedere la limitazione del trattamento nei casi previsti dall&#8217;art. 18 GDPR, nonch\u00e9 di ottenere in un formato strutturato, di uso comune e leggibile da dispositivo automatico i Dati che lo riguardano, nei casi previsti dall&#8217;art. 20 GDPR.<\/p>\n<p>Le richieste vanno rivolte per iscritto alla Societ\u00e0 ai recapiti suindicati.<\/p>\n<p>In ogni caso, l\u2019interessato ha sempre diritto di proporre reclamo all&#8217;autorit\u00e0 di controllo competente, cio\u00e8 il Garante per la Protezione dei Dati Personali, ai sensi dell&#8217;art. 77 GDPR, qualora ritenga che il trattamento dei suoi Dati sia contrario alla normativa in vigore.<\/p>\n<\/div>\n","protected":false},"excerpt":{"rendered":"<p>INFORMATIVA PRIVACY UTENTI DEL SITO WEBAi sensi dell\u2019art. 13 del Regolamento UE n. 679 del [&hellip;]<\/p>\n","protected":false},"author":1,"featured_media":0,"parent":0,"menu_order":0,"comment_status":"closed","ping_status":"open","template":"privacy.php","meta":[],"yoast_head":"<!-- This site is optimized with the Yoast SEO plugin v16.6.1 - https:\/\/yoast.com\/wordpress\/plugins\/seo\/ -->\n<title>Privacy Policy - Eurovo Service<\/title>\n<meta name=\"robots\" content=\"index, follow, max-snippet:-1, max-image-preview:large, max-video-preview:-1\" \/>\n<link rel=\"canonical\" href=\"https:\/\/www.eurovoservice.com\/en\/privacy-policy\/\" \/>\n<meta property=\"og:locale\" content=\"en_US\" \/>\n<meta property=\"og:type\" content=\"article\" \/>\n<meta property=\"og:title\" content=\"Privacy Policy - Eurovo Service\" \/>\n<meta property=\"og:description\" content=\"INFORMATIVA PRIVACY UTENTI DEL SITO WEBAi sensi dell\u2019art. 13 del Regolamento UE n. 679 del [&hellip;]\" \/>\n<meta property=\"og:url\" content=\"https:\/\/www.eurovoservice.com\/en\/privacy-policy\/\" \/>\n<meta property=\"og:site_name\" content=\"Eurovo Service\" \/>\n<meta property=\"article:modified_time\" content=\"2018-12-03T16:58:20+00:00\" \/>\n<meta name=\"twitter:card\" content=\"summary_large_image\" \/>\n<meta name=\"twitter:label1\" content=\"Est. reading time\" \/>\n\t<meta name=\"twitter:data1\" content=\"10 minutes\" \/>\n<script type=\"application\/ld+json\" class=\"yoast-schema-graph\">{\"@context\":\"https:\/\/schema.org\",\"@graph\":[{\"@type\":\"WebSite\",\"@id\":\"https:\/\/www.eurovoservice.com\/#website\",\"url\":\"https:\/\/www.eurovoservice.com\/\",\"name\":\"Eurovo Service\",\"description\":\"Ovoprodotti per Professionisti\",\"potentialAction\":[{\"@type\":\"SearchAction\",\"target\":{\"@type\":\"EntryPoint\",\"urlTemplate\":\"https:\/\/www.eurovoservice.com\/?s={search_term_string}\"},\"query-input\":\"required name=search_term_string\"}],\"inLanguage\":\"en-US\"},{\"@type\":\"WebPage\",\"@id\":\"https:\/\/www.eurovoservice.com\/en\/privacy-policy\/#webpage\",\"url\":\"https:\/\/www.eurovoservice.com\/en\/privacy-policy\/\",\"name\":\"Privacy Policy - Eurovo Service\",\"isPartOf\":{\"@id\":\"https:\/\/www.eurovoservice.com\/#website\"},\"datePublished\":\"2018-11-12T08:17:17+00:00\",\"dateModified\":\"2018-12-03T16:58:20+00:00\",\"breadcrumb\":{\"@id\":\"https:\/\/www.eurovoservice.com\/en\/privacy-policy\/#breadcrumb\"},\"inLanguage\":\"en-US\",\"potentialAction\":[{\"@type\":\"ReadAction\",\"target\":[\"https:\/\/www.eurovoservice.com\/en\/privacy-policy\/\"]}]},{\"@type\":\"BreadcrumbList\",\"@id\":\"https:\/\/www.eurovoservice.com\/en\/privacy-policy\/#breadcrumb\",\"itemListElement\":[{\"@type\":\"ListItem\",\"position\":1,\"name\":\"Home\",\"item\":\"https:\/\/www.eurovoservice.com\/en\/\"},{\"@type\":\"ListItem\",\"position\":2,\"name\":\"Privacy Policy\"}]}]}<\/script>\n<!-- \/ Yoast SEO plugin. -->","_links":{"self":[{"href":"https:\/\/www.eurovoservice.com\/en\/wp-json\/wp\/v2\/pages\/778"}],"collection":[{"href":"https:\/\/www.eurovoservice.com\/en\/wp-json\/wp\/v2\/pages"}],"about":[{"href":"https:\/\/www.eurovoservice.com\/en\/wp-json\/wp\/v2\/types\/page"}],"author":[{"embeddable":true,"href":"https:\/\/www.eurovoservice.com\/en\/wp-json\/wp\/v2\/users\/1"}],"replies":[{"embeddable":true,"href":"https:\/\/www.eurovoservice.com\/en\/wp-json\/wp\/v2\/comments?post=778"}],"version-history":[{"count":2,"href":"https:\/\/www.eurovoservice.com\/en\/wp-json\/wp\/v2\/pages\/778\/revisions"}],"predecessor-version":[{"id":784,"href":"https:\/\/www.eurovoservice.com\/en\/wp-json\/wp\/v2\/pages\/778\/revisions\/784"}],"wp:attachment":[{"href":"https:\/\/www.eurovoservice.com\/en\/wp-json\/wp\/v2\/media?parent=778"}],"curies":[{"name":"wp","href":"https:\/\/api.w.org\/{rel}","templated":true}]}}